{"id":72,"date":"2021-10-04T02:18:00","date_gmt":"2021-10-04T02:18:00","guid":{"rendered":"https:\/\/safala.ro\/?page_id=72"},"modified":"2025-10-08T15:39:30","modified_gmt":"2025-10-08T12:39:30","slug":"servicii","status":"publish","type":"page","link":"https:\/\/devwam.safala.ro\/en\/servicii\/","title":{"rendered":"What we're proud of"},"content":{"rendered":"<div id=\"zmeura\" class=\"wp-block-columns are-vertically-aligned-top is-layout-flex wp-container-core-columns-is-layout-9d6595d7 wp-block-columns-is-layout-flex\">\r\n<div class=\"wp-block-column is-vertically-aligned-top is-layout-flow wp-block-column-is-layout-flow\" style=\"flex-basis: 33.33%;\">\r\n<figure class=\"wp-block-image size-full\"><img decoding=\"async\" width=\"493\" height=\"463\" class=\"wp-image-75\" src=\"https:\/\/devwam.safala.ro\/wp-content\/uploads\/2021\/10\/Group-226.png\" alt=\"\" srcset=\"https:\/\/devwam.safala.ro\/wp-content\/uploads\/2021\/10\/Group-226.png 493w, https:\/\/devwam.safala.ro\/wp-content\/uploads\/2021\/10\/Group-226-300x282.png 300w\" sizes=\"(max-width: 493px) 100vw, 493px\" \/><\/figure>\r\n<\/div>\r\n\r\n\r\n\r\n<div class=\"wp-block-column is-vertically-aligned-top is-layout-flow wp-block-column-is-layout-flow\" style=\"flex-basis: 66.66%;\">\r\n<p>Fresh raspberries are an excellent source of vitamin C, which is also a powerful natural antioxidant, is low in calories and fat and yet is a rich source of dietary fibre and antioxidants. It also contains antioxidant vitamins such as vitamin A, vitamin E, the B complex group of vitamins and vitamin K and folic acid. So we recommend eating fresh raspberries.<\/p>\r\n\r\n\r\n\r\n<p>Our raspberry plantation covers an area of about 1 hectare in our garden plots. We are certified in organic farming so we do not use fertilisers, synthetic pesticides, hormones, antibiotics, growth stimulators or growth regulators in the growing process.<\/p>\r\n<\/div>\r\n<\/div>\r\n\r\n\r\n\r\n<div id=\"alune\" class=\"wp-block-columns is-layout-flex wp-container-core-columns-is-layout-9d6595d7 wp-block-columns-is-layout-flex\">\r\n<div class=\"wp-block-column is-layout-flow wp-block-column-is-layout-flow\" style=\"flex-basis: 33.33%;\">\r\n<figure class=\"wp-block-image size-full\"><img decoding=\"async\" width=\"493\" height=\"463\" class=\"wp-image-78\" src=\"https:\/\/devwam.safala.ro\/wp-content\/uploads\/2021\/10\/Group-227.png\" alt=\"\" srcset=\"https:\/\/devwam.safala.ro\/wp-content\/uploads\/2021\/10\/Group-227.png 493w, https:\/\/devwam.safala.ro\/wp-content\/uploads\/2021\/10\/Group-227-300x282.png 300w\" sizes=\"(max-width: 493px) 100vw, 493px\" \/><\/figure>\r\n<\/div>\r\n\r\n\r\n\r\n<div class=\"wp-block-column is-layout-flow wp-block-column-is-layout-flow\" style=\"flex-basis: 66.66%;\">\r\n<p>Hazelnuts contain important active substances, such as calcium, phosphorus, magnesium, potassium and iron, as well as vitamins, with plenty of nutrition and high energy value.<\/p>\r\n\r\n\r\n\r\n<p>They are also an excellent source of Vitamin E, which helps the body fight against aging and diseases. Rich in elements improving the cerebral and cognitive functions, they stimulate the brain\u2019s function. We therefore recommend the use of fresh hazelnuts.<\/p>\r\n\r\n\r\n\r\n<p>Our green hazelnut plantation extends over an area of around 5 hectares. We are certified in green farming, meaning that we do not use any fertilisers, synthesis pesticides, hormones, antibiotics, growth stimulators or regulators in raspberry crops!<\/p>\r\n<\/div>\r\n<\/div>\r\n\r\n\r\n\r\n<div id=\"procesare\" class=\"wp-block-columns are-vertically-aligned-center is-layout-flex wp-container-core-columns-is-layout-9d6595d7 wp-block-columns-is-layout-flex\">\r\n<div class=\"wp-block-column is-vertically-aligned-center is-layout-flow wp-block-column-is-layout-flow\" style=\"flex-basis: 33.33%;\">\r\n<figure class=\"wp-block-image size-full\"><img decoding=\"async\" width=\"493\" height=\"463\" class=\"wp-image-79\" src=\"https:\/\/devwam.safala.ro\/wp-content\/uploads\/2021\/10\/Group-228.png\" alt=\"\" srcset=\"https:\/\/devwam.safala.ro\/wp-content\/uploads\/2021\/10\/Group-228.png 493w, https:\/\/devwam.safala.ro\/wp-content\/uploads\/2021\/10\/Group-228-300x282.png 300w\" sizes=\"(max-width: 493px) 100vw, 493px\" \/><\/figure>\r\n<\/div>\r\n\r\n\r\n\r\n<div class=\"wp-block-column is-vertically-aligned-center is-layout-flow wp-block-column-is-layout-flow\" style=\"flex-basis: 66.66%;\">\r\n<p>In this new and modern factory we process fruits from our own orchard into the most delicious gourmet products: hazelnuts wrapped in premium Belgian chocolate, salted and spiced, plain or just peeled, jams and nectars that preserve the authentic taste of organic fruit.\u00a0<\/p>\r\n\r\n\r\n<\/div>\r\n<\/div>","protected":false},"excerpt":{"rendered":"<p>Zmeura proaspata este o sursa excelenta de vitamina C, care este, de asemenea, un puternic antioxidant natural, are un con\u021binut sc\u0103zut de calorii \u0219i gr\u0103simi iar cu toate acestea, este o surs\u0103 bogat\u0103 de fibre dietetice \u0219i antioxidan\u021bi. Aceasta con\u021bine deasemenea vitamine antioxidante precum vitamina A, vitamina E,\u00a0grupul complex de vitamine B \u0219i vitamina K [&hellip;]<\/p>\n","protected":false},"author":2,"featured_media":82,"parent":0,"menu_order":0,"comment_status":"closed","ping_status":"closed","template":"","meta":{"_acf_changed":false,"_uag_custom_page_level_css":"","footnotes":""},"class_list":["post-72","page","type-page","status-publish","has-post-thumbnail","hentry"],"acf":[],"uagb_featured_image_src":{"full":["https:\/\/devwam.safala.ro\/wp-content\/uploads\/2021\/10\/Group-229.png",1920,300,false],"thumbnail":["https:\/\/devwam.safala.ro\/wp-content\/uploads\/2021\/10\/Group-229-150x150.png",150,150,true],"medium":["https:\/\/devwam.safala.ro\/wp-content\/uploads\/2021\/10\/Group-229-300x47.png",300,47,true],"medium_large":["https:\/\/devwam.safala.ro\/wp-content\/uploads\/2021\/10\/Group-229-768x120.png",768,120,true],"large":["https:\/\/devwam.safala.ro\/wp-content\/uploads\/2021\/10\/Group-229-1024x160.png",1024,160,true],"1536x1536":["https:\/\/devwam.safala.ro\/wp-content\/uploads\/2021\/10\/Group-229-1536x240.png",1536,240,true],"2048x2048":["https:\/\/devwam.safala.ro\/wp-content\/uploads\/2021\/10\/Group-229.png",1920,300,false],"trp-custom-language-flag":["https:\/\/devwam.safala.ro\/wp-content\/uploads\/2021\/10\/Group-229.png",18,3,false],"post-thumbnail":["https:\/\/devwam.safala.ro\/wp-content\/uploads\/2021\/10\/Group-229-825x300.png",825,300,true],"frontPage-banner":["https:\/\/devwam.safala.ro\/wp-content\/uploads\/2021\/10\/Group-229-580x250.png",580,250,true],"listing_blog":["https:\/\/devwam.safala.ro\/wp-content\/uploads\/2021\/10\/Group-229.png",770,120,false],"woocommerce_thumbnail":["https:\/\/devwam.safala.ro\/wp-content\/uploads\/2021\/10\/Group-229-280x280.png",280,280,true],"woocommerce_single":["https:\/\/devwam.safala.ro\/wp-content\/uploads\/2021\/10\/Group-229-600x94.png",600,94,true],"woocommerce_gallery_thumbnail":["https:\/\/devwam.safala.ro\/wp-content\/uploads\/2021\/10\/Group-229-100x100.png",100,100,true]},"uagb_author_info":{"display_name":"Baciu Iulian","author_link":"https:\/\/devwam.safala.ro\/en\/author\/iulian\/"},"uagb_comment_info":0,"uagb_excerpt":"Zmeura proaspata este o sursa excelenta de vitamina C, care este, de asemenea, un puternic antioxidant natural, are un con\u021binut sc\u0103zut de calorii \u0219i gr\u0103simi iar cu toate acestea, este o surs\u0103 bogat\u0103 de fibre dietetice \u0219i antioxidan\u021bi. Aceasta con\u021bine deasemenea vitamine antioxidante precum vitamina A, vitamina E,\u00a0grupul complex de vitamine B \u0219i vitamina K&hellip;","jetpack_sharing_enabled":true,"_links":{"self":[{"href":"https:\/\/devwam.safala.ro\/en\/wp-json\/wp\/v2\/pages\/72","targetHints":{"allow":["GET"]}}],"collection":[{"href":"https:\/\/devwam.safala.ro\/en\/wp-json\/wp\/v2\/pages"}],"about":[{"href":"https:\/\/devwam.safala.ro\/en\/wp-json\/wp\/v2\/types\/page"}],"author":[{"embeddable":true,"href":"https:\/\/devwam.safala.ro\/en\/wp-json\/wp\/v2\/users\/2"}],"replies":[{"embeddable":true,"href":"https:\/\/devwam.safala.ro\/en\/wp-json\/wp\/v2\/comments?post=72"}],"version-history":[{"count":0,"href":"https:\/\/devwam.safala.ro\/en\/wp-json\/wp\/v2\/pages\/72\/revisions"}],"wp:featuredmedia":[{"embeddable":true,"href":"https:\/\/devwam.safala.ro\/en\/wp-json\/wp\/v2\/media\/82"}],"wp:attachment":[{"href":"https:\/\/devwam.safala.ro\/en\/wp-json\/wp\/v2\/media?parent=72"}],"curies":[{"name":"wp","href":"https:\/\/api.w.org\/{rel}","templated":true}]}}